{"id":10,"date":"2020-08-27T03:41:19","date_gmt":"2020-08-27T03:41:19","guid":{"rendered":"https:\/\/natcolorinternational.com\/?page_id=10"},"modified":"2023-09-26T22:07:09","modified_gmt":"2023-09-26T22:07:09","slug":"nosotros","status":"publish","type":"page","link":"https:\/\/natcolorinternational.com\/?page_id=10","title":{"rendered":"Nosotros"},"content":{"rendered":"\t\t<div data-elementor-type=\"wp-page\" data-elementor-id=\"10\" class=\"elementor elementor-10\">\n\t\t\t\t\t\t<div class=\"elementor-inner\">\n\t\t\t\t<div class=\"elementor-section-wrap\">\n\t\t\t\t\t\t\t\t\t<section class=\"elementor-section elementor-top-section elementor-element elementor-element-5413826a elementor-section-boxed elementor-section-height-default elementor-section-height-default\" data-id=\"5413826a\" data-element_type=\"section\">\n\t\t\t\t\t\t<div class=\"elementor-container elementor-column-gap-default\">\n\t\t\t\t\t\t\t<div class=\"elementor-row\">\n\t\t\t\t\t<div class=\"elementor-column elementor-col-100 elementor-top-column elementor-element elementor-element-57f493f6\" data-id=\"57f493f6\" data-element_type=\"column\">\n\t\t\t<div class=\"elementor-column-wrap elementor-element-populated\">\n\t\t\t\t\t\t\t<div class=\"elementor-widget-wrap\">\n\t\t\t\t\t\t<div class=\"elementor-element elementor-element-28bc527d elementor-widget elementor-widget-text-editor\" data-id=\"28bc527d\" data-element_type=\"widget\" data-widget_type=\"text-editor.default\">\n\t\t\t\t<div class=\"elementor-widget-container\">\n\t\t\t\t\t\t\t\t<div class=\"elementor-text-editor elementor-clearfix\">\n\t\t\t\t<header class=\"entry-header\"><\/header><p style=\"text-align: left;\"><span style=\"font-size: 18pt; color: #00a859;\"><strong>NATCOLOR PERU S.A.C.<\/strong><\/span><\/p><p style=\"text-align: left;\"><span style=\"color: #000000;\">Somos una empresa peruana dedicada a la producci\u00f3n y comercializaci\u00f3n de colorantes naturales. Nuestra experiencia suma m\u00e1s de 30 a\u00f1os generando tecnolog\u00eda.<\/span><\/p><p style=\"text-align: left;\"><span style=\"color: #000000;\">Contamos con una gran variedad de tonos derivados de materias primas naturales como el Carm\u00edn, el Huito, el Achiote, entre otras materias primas.<\/span><\/p><p style=\"text-align: left;\"><span style=\"color: #000000;\">Disponemos de un \u00e1rea especializada en la Investigaci\u00f3n y Desarrollo para la puesta en marcha de nuevos procesos en la industria de aditivos alimentarios.<\/span><\/p><p style=\"text-align: left;\"><span style=\"color: #000000;\">Adem\u00e1s, planteamos soluciones integrales que satisfagan las necesidades y que nos permita asegurar el abastecimiento a nuestros clientes cumpliendo con los m\u00e1s altos est\u00e1ndares de calidad que se exigen a nivel internacional<\/span><\/p><p>\u00a0<\/p><div class=\"entry-content\"><img loading=\"lazy\" decoding=\"async\" class=\"wp-image-41 size-full aligncenter\" src=\"https:\/\/natcolorinternational.com\/wp-content\/uploads\/2020\/08\/logo-natcolor.png\" alt=\"\" width=\"399\" height=\"118\" srcset=\"https:\/\/natcolorinternational.com\/wp-content\/uploads\/2020\/08\/logo-natcolor.png 399w, https:\/\/natcolorinternational.com\/wp-content\/uploads\/2020\/08\/logo-natcolor-300x89.png 300w, https:\/\/natcolorinternational.com\/wp-content\/uploads\/2020\/08\/logo-natcolor-1x1.png 1w\" sizes=\"auto, (max-width: 399px) 100vw, 399px\" \/><\/div>\t\t\t\t\t<\/div>\n\t\t\t\t\t\t<\/div>\n\t\t\t\t<\/div>\n\t\t\t\t\t\t<\/div>\n\t\t\t\t\t<\/div>\n\t\t<\/div>\n\t\t\t\t\t\t\t\t<\/div>\n\t\t\t\t\t<\/div>\n\t\t<\/section>\n\t\t\t\t\t\t\t\t\t<\/div>\n\t\t\t<\/div>\n\t\t\t\t\t<\/div>\n\t\t","protected":false},"excerpt":{"rendered":"<p>NATCOLOR PERU S.A.C. Somos una empresa peruana dedicada a la producci\u00f3n y comercializaci\u00f3n de colorantes naturales. Nuestra experiencia suma m\u00e1s de 30 a\u00f1os generando tecnolog\u00eda. Contamos con una gran variedad de tonos derivados de materias primas naturales como el Carm\u00edn, el Huito, el Achiote, entre otras materias primas. Disponemos de un \u00e1rea especializada en la [&hellip;]<\/p>\n","protected":false},"author":1,"featured_media":0,"parent":0,"menu_order":0,"comment_status":"closed","ping_status":"closed","template":"","meta":{"_joinchat":[],"footnotes":""},"class_list":["post-10","page","type-page","status-publish","hentry"],"_links":{"self":[{"href":"https:\/\/natcolorinternational.com\/index.php?rest_route=\/wp\/v2\/pages\/10","targetHints":{"allow":["GET"]}}],"collection":[{"href":"https:\/\/natcolorinternational.com\/index.php?rest_route=\/wp\/v2\/pages"}],"about":[{"href":"https:\/\/natcolorinternational.com\/index.php?rest_route=\/wp\/v2\/types\/page"}],"author":[{"embeddable":true,"href":"https:\/\/natcolorinternational.com\/index.php?rest_route=\/wp\/v2\/users\/1"}],"replies":[{"embeddable":true,"href":"https:\/\/natcolorinternational.com\/index.php?rest_route=%2Fwp%2Fv2%2Fcomments&post=10"}],"version-history":[{"count":15,"href":"https:\/\/natcolorinternational.com\/index.php?rest_route=\/wp\/v2\/pages\/10\/revisions"}],"predecessor-version":[{"id":568,"href":"https:\/\/natcolorinternational.com\/index.php?rest_route=\/wp\/v2\/pages\/10\/revisions\/568"}],"wp:attachment":[{"href":"https:\/\/natcolorinternational.com\/index.php?rest_route=%2Fwp%2Fv2%2Fmedia&parent=10"}],"curies":[{"name":"wp","href":"https:\/\/api.w.org\/{rel}","templated":true}]}}